{"id":1586,"date":"2024-07-05T19:27:03","date_gmt":"2024-07-05T17:27:03","guid":{"rendered":"https:\/\/autegra.hr\/fe-projekte\/"},"modified":"2024-08-07T09:12:42","modified_gmt":"2024-08-07T07:12:42","slug":"rd-projekte","status":"publish","type":"page","link":"https:\/\/autegra.hr\/de\/rd-projekte\/","title":{"rendered":"R&amp;D-Projekte"},"content":{"rendered":"    <section class=\"hero \" style=\"background-image: url(https:\/\/autegra.hr\/wp-content\/uploads\/2024\/07\/thisisengineering-LJGdVKuWmQM-unsplash.jpg);\">\n                    <div class=\"hero__overlay\"><\/div>\n                <img decoding=\"async\" class=\"hero__layout-image \" src=\"https:\/\/autegra.hr\/wp-content\/themes\/autegra\/assets\/svg\/hero-bg.svg\" alt=\"Hero background\">\n        <div data-aos=\"fade-in\" data-aos-duration=\"1000\" class=\"hero__content o-container\">\n            <h2 class=\"hero__title h1\">R&amp;D-Projekte<\/h2>\n                            <p class=\"hero__excerpt h5\"><\/p>\n                    <\/div>\n    <\/section>\n    <section class=\"section__wrapper eu-projects\">\n        <div data-aos=\"fade-in\" data-aos-duration=\"1000\" class=\"o-container\">\n                            <div class=\"eu-projects__list\">\n                                                                <a href=\"https:\/\/terraspiro.autegra.hr\/\" aria-label=\"Terra Spiro\" target=\"_blank\" class=\"eu-projects__list-item \" data-aos=\" fade-left\" data-aos-duration=\"500\" data-aos-delay=\"300\" data-aos-delay=\"300\">\n                            <div class=\"eu-projects__list-item__overlay\">\n                                                                    <img decoding=\"async\" src=\"https:\/\/autegra.hr\/wp-content\/uploads\/2024\/07\/terraspiro.png\" alt=\"Terra Spiro\" \/>\n                                                            <\/div>\n                            <h3 class=\"eu-projects__list-item__title\">Terra Spiro <\/h3>\n                            <p class=\"eu-projects__list-item__excerpt line-clamp\">Die gemeinsame Forschung zielte darauf ab, die Methode zur Messung des organischen Kohlenstoffs im Boden und der Bodenatmung mithilfe autonomer Roboterplattformen zu revolutionieren. Das Forschungsteam, bestehend aus f\u00fchrenden Experten des Antragstellers Autegra doo und Partnerorganisationen der Fakult\u00e4t f\u00fcr Elektrotechnik und Informatik, der Fakult\u00e4t f\u00fcr Agrobiotechnische Wissenschaften Osijek und Agrivi doo, widmet sich der Entwicklung einer Innovation, deren Ergebnis zur Steigerung des beitragen wird Prozess der Kohlenstoffbindung in der Landwirtschaft und tragen zu den europ\u00e4ischen Bem\u00fchungen zur Verwirklichung des Europ\u00e4ischen Gr\u00fcnen Plans und der Horizon-Mission \u201eSoil Deal for Europe\u201c bei<\/p>\n                            <div class=\"eu-projects__list-item__line\"><\/div>\n                            <div class=\"eu-projects__list-item__button\">\n                                                                    <div class=\"button button__sm\">\n                                        <div class=\"button__hover\"><\/div>\n                                        <span class=\"button__text\">Mehr<\/span>\n                                    <\/div>\n                                                            <\/div>\n                        <\/a>\n                                                                    <a href=\"javascript:void(0);\" aria-label=\"Infracap\" target=\"\" class=\"eu-projects__list-item disabled-link\" data-aos=\" fade-left\" data-aos-duration=\"500\" data-aos-delay=\"400\" data-aos-delay=\"300\">\n                            <div class=\"eu-projects__list-item__overlay\">\n                                                                    <img decoding=\"async\" src=\"https:\/\/autegra.hr\/wp-content\/uploads\/2024\/07\/infracap-1.png\" alt=\"Infracap\" \/>\n                                                            <\/div>\n                            <h3 class=\"eu-projects__list-item__title\">Infracap <\/h3>\n                            <p class=\"eu-projects__list-item__excerpt line-clamp\">Demn\u00e4chst<\/p>\n                            <div class=\"eu-projects__list-item__line\"><\/div>\n                            <div class=\"eu-projects__list-item__button\">\n                                                            <\/div>\n                        <\/a>\n                                                            <\/div>\n                    <\/div>\n    <\/section>\n","protected":false},"excerpt":{"rendered":"","protected":false},"author":1,"featured_media":0,"parent":0,"menu_order":0,"comment_status":"closed","ping_status":"closed","template":"","meta":{"inline_featured_image":false,"footnotes":""},"class_list":["post-1586","page","type-page","status-publish","hentry"],"acf":[],"yoast_head":"<!-- This site is optimized with the Yoast SEO plugin v25.7 - https:\/\/yoast.com\/wordpress\/plugins\/seo\/ -->\n<title>R&amp;D-Projekte - Autegra<\/title>\n<meta name=\"description\" content=\"Entdecken Sie unsere R&amp;D-Projekte. Wir nutzen moderne Technologien zur Optimierung Ihrer gesch\u00e4ftlichen Herausforderungen.\" \/>\n<meta name=\"robots\" content=\"index, follow, max-snippet:-1, max-image-preview:large, max-video-preview:-1\" \/>\n<link rel=\"canonical\" href=\"https:\/\/autegra.hr\/de\/rd-projekte\/\" \/>\n<meta property=\"og:locale\" content=\"de_DE\" \/>\n<meta property=\"og:type\" content=\"article\" \/>\n<meta property=\"og:title\" content=\"R&amp;D-Projekte - Autegra\" \/>\n<meta property=\"og:description\" content=\"Entdecken Sie unsere R&amp;D-Projekte. Wir nutzen moderne Technologien zur Optimierung Ihrer gesch\u00e4ftlichen Herausforderungen.\" \/>\n<meta property=\"og:url\" content=\"https:\/\/autegra.hr\/de\/rd-projekte\/\" \/>\n<meta property=\"og:site_name\" content=\"Autegra\" \/>\n<meta property=\"article:publisher\" content=\"https:\/\/www.facebook.com\/Autegradoo\/?_rdc=1&amp;_rdr\" \/>\n<meta property=\"article:modified_time\" content=\"2024-08-07T07:12:42+00:00\" \/>\n<meta name=\"twitter:card\" content=\"summary_large_image\" \/>\n<script type=\"application\/ld+json\" class=\"yoast-schema-graph\">{\"@context\":\"https:\/\/schema.org\",\"@graph\":[{\"@type\":\"WebPage\",\"@id\":\"https:\/\/autegra.hr\/de\/rd-projekte\/\",\"url\":\"https:\/\/autegra.hr\/de\/rd-projekte\/\",\"name\":\"R&amp;D-Projekte - Autegra\",\"isPartOf\":{\"@id\":\"https:\/\/autegra.hr\/de\/#website\"},\"datePublished\":\"2024-07-05T17:27:03+00:00\",\"dateModified\":\"2024-08-07T07:12:42+00:00\",\"description\":\"Entdecken Sie unsere R&D-Projekte. Wir nutzen moderne Technologien zur Optimierung Ihrer gesch\u00e4ftlichen Herausforderungen.\",\"breadcrumb\":{\"@id\":\"https:\/\/autegra.hr\/de\/rd-projekte\/#breadcrumb\"},\"inLanguage\":\"de\",\"potentialAction\":[{\"@type\":\"ReadAction\",\"target\":[\"https:\/\/autegra.hr\/de\/rd-projekte\/\"]}]},{\"@type\":\"BreadcrumbList\",\"@id\":\"https:\/\/autegra.hr\/de\/rd-projekte\/#breadcrumb\",\"itemListElement\":[{\"@type\":\"ListItem\",\"position\":1,\"name\":\"Home\",\"item\":\"https:\/\/autegra.hr\/de\/\"},{\"@type\":\"ListItem\",\"position\":2,\"name\":\"R&amp;D-Projekte\"}]},{\"@type\":\"WebSite\",\"@id\":\"https:\/\/autegra.hr\/de\/#website\",\"url\":\"https:\/\/autegra.hr\/de\/\",\"name\":\"Autegra\",\"description\":\"Industrielle Automatisierung | Ihr Partner f\u00fcr Planungs-, Technik- und Beratungsdienstleistungen\",\"publisher\":{\"@id\":\"https:\/\/autegra.hr\/de\/#organization\"},\"potentialAction\":[{\"@type\":\"SearchAction\",\"target\":{\"@type\":\"EntryPoint\",\"urlTemplate\":\"https:\/\/autegra.hr\/de\/?s={search_term_string}\"},\"query-input\":{\"@type\":\"PropertyValueSpecification\",\"valueRequired\":true,\"valueName\":\"search_term_string\"}}],\"inLanguage\":\"de\"},{\"@type\":\"Organization\",\"@id\":\"https:\/\/autegra.hr\/de\/#organization\",\"name\":\"Autegra\",\"url\":\"https:\/\/autegra.hr\/de\/\",\"logo\":{\"@type\":\"ImageObject\",\"inLanguage\":\"de\",\"@id\":\"https:\/\/autegra.hr\/de\/#\/schema\/logo\/image\/\",\"url\":\"https:\/\/autegra.hr\/wp-content\/uploads\/2024\/02\/autegra_logo.svg\",\"contentUrl\":\"https:\/\/autegra.hr\/wp-content\/uploads\/2024\/02\/autegra_logo.svg\",\"width\":1,\"height\":1,\"caption\":\"Autegra\"},\"image\":{\"@id\":\"https:\/\/autegra.hr\/de\/#\/schema\/logo\/image\/\"},\"sameAs\":[\"https:\/\/www.facebook.com\/Autegradoo\/?_rdc=1&_rdr\",\"https:\/\/www.instagram.com\/autegra\/\",\"https:\/\/www.linkedin.com\/company\/autegra-ltd-\",\"https:\/\/www.youtube.com\/channel\/UC9OWs15H7iwPISoCR3exIFg\"]}]}<\/script>\n<!-- \/ Yoast SEO plugin. -->","yoast_head_json":{"title":"R&amp;D-Projekte - Autegra","description":"Entdecken Sie unsere R&D-Projekte. Wir nutzen moderne Technologien zur Optimierung Ihrer gesch\u00e4ftlichen Herausforderungen.","robots":{"index":"index","follow":"follow","max-snippet":"max-snippet:-1","max-image-preview":"max-image-preview:large","max-video-preview":"max-video-preview:-1"},"canonical":"https:\/\/autegra.hr\/de\/rd-projekte\/","og_locale":"de_DE","og_type":"article","og_title":"R&amp;D-Projekte - Autegra","og_description":"Entdecken Sie unsere R&D-Projekte. Wir nutzen moderne Technologien zur Optimierung Ihrer gesch\u00e4ftlichen Herausforderungen.","og_url":"https:\/\/autegra.hr\/de\/rd-projekte\/","og_site_name":"Autegra","article_publisher":"https:\/\/www.facebook.com\/Autegradoo\/?_rdc=1&_rdr","article_modified_time":"2024-08-07T07:12:42+00:00","twitter_card":"summary_large_image","schema":{"@context":"https:\/\/schema.org","@graph":[{"@type":"WebPage","@id":"https:\/\/autegra.hr\/de\/rd-projekte\/","url":"https:\/\/autegra.hr\/de\/rd-projekte\/","name":"R&amp;D-Projekte - Autegra","isPartOf":{"@id":"https:\/\/autegra.hr\/de\/#website"},"datePublished":"2024-07-05T17:27:03+00:00","dateModified":"2024-08-07T07:12:42+00:00","description":"Entdecken Sie unsere R&D-Projekte. Wir nutzen moderne Technologien zur Optimierung Ihrer gesch\u00e4ftlichen Herausforderungen.","breadcrumb":{"@id":"https:\/\/autegra.hr\/de\/rd-projekte\/#breadcrumb"},"inLanguage":"de","potentialAction":[{"@type":"ReadAction","target":["https:\/\/autegra.hr\/de\/rd-projekte\/"]}]},{"@type":"BreadcrumbList","@id":"https:\/\/autegra.hr\/de\/rd-projekte\/#breadcrumb","itemListElement":[{"@type":"ListItem","position":1,"name":"Home","item":"https:\/\/autegra.hr\/de\/"},{"@type":"ListItem","position":2,"name":"R&amp;D-Projekte"}]},{"@type":"WebSite","@id":"https:\/\/autegra.hr\/de\/#website","url":"https:\/\/autegra.hr\/de\/","name":"Autegra","description":"Industrielle Automatisierung | Ihr Partner f\u00fcr Planungs-, Technik- und Beratungsdienstleistungen","publisher":{"@id":"https:\/\/autegra.hr\/de\/#organization"},"potentialAction":[{"@type":"SearchAction","target":{"@type":"EntryPoint","urlTemplate":"https:\/\/autegra.hr\/de\/?s={search_term_string}"},"query-input":{"@type":"PropertyValueSpecification","valueRequired":true,"valueName":"search_term_string"}}],"inLanguage":"de"},{"@type":"Organization","@id":"https:\/\/autegra.hr\/de\/#organization","name":"Autegra","url":"https:\/\/autegra.hr\/de\/","logo":{"@type":"ImageObject","inLanguage":"de","@id":"https:\/\/autegra.hr\/de\/#\/schema\/logo\/image\/","url":"https:\/\/autegra.hr\/wp-content\/uploads\/2024\/02\/autegra_logo.svg","contentUrl":"https:\/\/autegra.hr\/wp-content\/uploads\/2024\/02\/autegra_logo.svg","width":1,"height":1,"caption":"Autegra"},"image":{"@id":"https:\/\/autegra.hr\/de\/#\/schema\/logo\/image\/"},"sameAs":["https:\/\/www.facebook.com\/Autegradoo\/?_rdc=1&_rdr","https:\/\/www.instagram.com\/autegra\/","https:\/\/www.linkedin.com\/company\/autegra-ltd-","https:\/\/www.youtube.com\/channel\/UC9OWs15H7iwPISoCR3exIFg"]}]}},"_links":{"self":[{"href":"https:\/\/autegra.hr\/de\/wp-json\/wp\/v2\/pages\/1586","targetHints":{"allow":["GET"]}}],"collection":[{"href":"https:\/\/autegra.hr\/de\/wp-json\/wp\/v2\/pages"}],"about":[{"href":"https:\/\/autegra.hr\/de\/wp-json\/wp\/v2\/types\/page"}],"author":[{"embeddable":true,"href":"https:\/\/autegra.hr\/de\/wp-json\/wp\/v2\/users\/1"}],"replies":[{"embeddable":true,"href":"https:\/\/autegra.hr\/de\/wp-json\/wp\/v2\/comments?post=1586"}],"version-history":[{"count":3,"href":"https:\/\/autegra.hr\/de\/wp-json\/wp\/v2\/pages\/1586\/revisions"}],"predecessor-version":[{"id":1873,"href":"https:\/\/autegra.hr\/de\/wp-json\/wp\/v2\/pages\/1586\/revisions\/1873"}],"wp:attachment":[{"href":"https:\/\/autegra.hr\/de\/wp-json\/wp\/v2\/media?parent=1586"}],"curies":[{"name":"wp","href":"https:\/\/api.w.org\/{rel}","templated":true}]}}