{"id":1588,"date":"2023-12-27T10:57:07","date_gmt":"2023-12-27T09:57:07","guid":{"rendered":"https:\/\/autegra.hr\/datenschutzrichtlinie\/"},"modified":"2024-07-15T11:53:09","modified_gmt":"2024-07-15T09:53:09","slug":"datenschutzrichtlinie","status":"publish","type":"page","link":"https:\/\/autegra.hr\/de\/datenschutzrichtlinie\/","title":{"rendered":"Datenschutzrichtlinie"},"content":{"rendered":"\n<h2 class=\"wp-block-heading\">Schutz personenbezogener Daten<\/h2>\n\n<p>Das Unternehmen Autegra doo, Milke Trnine 4, 43280 Gare\u0161nica, Gesch\u00e4ftsf\u00fchrer Sa\u0161a \u0160tekovi\u0107, erhebt Daten zum Zweck der Vertragsabwicklung und Erf\u00fcllung vertraglicher und vorvertraglicher Pflichten.<\/p>\n\n<p><strong>Folgende Informationen werden gespeichert:<\/strong><\/p>\n\n<ul class=\"wp-block-list\">\n<li>Vorname Familienname<\/li>\n\n\n\n<li>Adresse<\/li>\n\n\n\n<li>Telefonnummer und Faxnummer<\/li>\n\n\n\n<li>E-Mail-Adresse<\/li>\n\n\n\n<li>Korrespondenz<\/li>\n\n\n\n<li>Angebot<\/li>\n\n\n\n<li>Befehl<\/li>\n\n\n\n<li>Lieferung<\/li>\n\n\n\n<li>Konto<\/li>\n<\/ul>\n\n<p>Diese Daten werden in unserem Unternehmen ausschlie\u00dflich zur Abwicklung der Gesch\u00e4ftsbeziehung verwendet.<\/p>\n\n<p>Die Erhebung und Verarbeitung dieser Daten ist f\u00fcr die Abwicklung von Gesch\u00e4ftsprozessen auf Grundlage von Art. 6 Abs. 1 lit. b DSGVO erforderlich.<\/p>\n\n<p>Diese Daten werden nicht f\u00fcr andere Zwecke verwendet und nicht an Dritte weitergegeben.<\/p>\n\n<p>Die L\u00f6schung der Daten erfolgt nach Ablauf der gesetzlich vorgeschriebenen Frist oder nach Wegfall der Erforderlichkeit.<\/p>\n\n<p>Sie haben das Recht, Zugriff auf die von uns \u00fcber Sie gespeicherten Daten zu verlangen, die Berichtigung unrichtiger Daten zu verlangen und die L\u00f6schung unrechtm\u00e4\u00dfig gespeicherter Daten zu verlangen.<\/p>\n\n<p>Dar\u00fcber hinaus steht Ihnen ein Beschwerderecht bei einer Aufsichtsbeh\u00f6rde zu.<\/p>\n\n<p>Wenn Sie unseren Datenschutzbeauftragten kontaktieren m\u00f6chten, senden Sie bitte eine E-Mail an <strong>zastita_podataka@autegra.hr<\/strong><\/p>\n\n<h2 class=\"wp-block-heading\">Erkl\u00e4rung zum Datenschutz und Cookie-Richtlinie<\/h2>\n\n<p>Autegra doo nimmt den Schutz Ihrer pers\u00f6nlichen Daten sehr ernst. Daher m\u00f6chten wir Sie \u00fcber die Erhebung, Nutzung und Speicherung Ihrer Daten in unserem Unternehmen informieren.<\/p>\n\n<p>Das Unternehmen Autegra doo, Milke Trnine 4, 43280 Gare\u0161nica, Gesch\u00e4ftsf\u00fchrer Sa\u0161a \u0160tekovi\u0107, erhebt Daten zum Zweck der Vertragsabwicklung und Erf\u00fcllung vertraglicher und vorvertraglicher Pflichten.<\/p>\n\n<p><strong>pers\u00f6nliche Daten<\/strong><br\/>Die Nutzung unserer Website ist ohne Angabe personenbezogener Daten m\u00f6glich.<\/p>\n\n<p>F\u00fcr die Nutzung bestimmter Dienste auf unseren Seiten k\u00f6nnen Ausnahmeregelungen gelten. Dies wird im Folgenden erl\u00e4utert.<\/p>\n\n<p>Ihre personenbezogenen Daten (z. B. Name, Adresse, Telefonnummer) werden nur gem\u00e4\u00df den Bestimmungen des kroatischen Datenschutzgesetzes verarbeitet.<\/p>\n\n<p>Daten sind nur dann personenbezogen, wenn sie eindeutig einer bestimmten nat\u00fcrlichen Person zugeordnet werden k\u00f6nnen. Der Schutz personenbezogener Daten in der Republik Kroatien und die \u00dcberwachung der Erhebung, Verarbeitung und Nutzung personenbezogener Daten in der Republik Kroatien unterliegen der VERORDNUNG (EU) 2016\/679 DES EUROP\u00c4ISCHEN PARLAMENTS UND DES RATES vom 27 vom April 2016 zum Schutz nat\u00fcrlicher Personen bei der Verarbeitung personenbezogener Daten und zum freien Datenverkehr sowie zur Aufhebung der Richtlinie 95\/46\/EG (Datenschutz-Grundverordnung) und des Gesetzes zur Umsetzung der Datenschutz-Grundverordnung Verordnung (Amtsblatt Nr. 42\/18).<\/p>\n\n<p>Wenn Sie unseren Datenschutzbeauftragten kontaktieren m\u00f6chten, senden Sie bitte eine E-Mail an zastita_podataka@autegra.hr<\/p>\n\n<p><strong>Cookie-Richtlinie<\/strong><br\/> Damit diese Website mit all ihren Funktionalit\u00e4ten ordnungsgem\u00e4\u00df funktioniert und wir die Website weiter verbessern und das Benutzererlebnis verbessern k\u00f6nnen, ben\u00f6tigen wir Cookies. Gem\u00e4\u00df den Vorschriften der Europ\u00e4ischen Union, ab 25.03.2011. Wir sind verpflichtet, vor der Speicherung von Cookies Ihr Einverst\u00e4ndnis einzuholen. Das bedeutet, dass Sie durch die Nutzung dieser Website der Verwendung dieser Dateien zustimmen. Wenn Sie Cookies deaktivieren, k\u00f6nnen Sie bestimmte Funktionalit\u00e4ten der Website, die von dieser Technologie unterst\u00fctzt werden, nicht nutzen.<\/p>\n\n<p><strong>Was sind Cookies?<br\/><\/strong>Cookies sind kleine Textdateien, die eine Website vom Server auf Ihrem Computer oder mobilen Webbrowser speichert (je nachdem, mit welchem \u200b\u200bGer\u00e4t Sie auf die Seite zugreifen), wenn Sie diese Website zum ersten Mal besuchen. Nach dem ersten Besuch werden jedes Mal, wenn der Webbrowser eine identische Seite vom Server anfordert, Cookies vom Computer des Benutzers an den Server gesendet. Auf diese Weise hat der Server die M\u00f6glichkeit, Webbrowser zu identifizieren und zu verfolgen. Wir verwenden den Begriff Cookies f\u00fcr alle Dateien, die auf die zuvor beschriebene Weise Daten sammeln. Es gibt verschiedene Arten von Cookies:<\/p>\n\n<p><strong>Tempor\u00e4re Cookies (Sitzungen):<\/strong><br\/> Sie werden automatisch von Ihrem Computer entfernt, wenn Sie Ihren Webbrowser schlie\u00dfen. Websites nutzen sie zur Speicherung tempor\u00e4rer Daten (z. B. Artikel im Warenkorb).<\/p>\n\n<p><strong>Permanente Cookies:<\/strong><br\/> bleiben auch nach dem Schlie\u00dfen des Webbrowsers auf Ihrem Computer gespeichert. Websites verwenden sie zum Speichern von Daten \u2013 meistens geht es um Ihre Einstellungen bei der Nutzung der Website. Dauerhafte Cookies bleiben auf Ihrem Computer, bis Sie sie manuell entfernen oder bis sie ablaufen.<\/p>\n\n<p><strong>Cookies von Erstanbietern:<\/strong><br\/> Sie stammen von der Website, die Sie gerade besuchen, und sind vor\u00fcbergehend oder dauerhaft. Damit speichern Websites Informationen wie Name und Passwort, sodass Sie sich nicht bei jedem Besuch erneut anmelden m\u00fcssen.<\/p>\n\n<p><strong>Cookies von Drittanbietern:<\/strong><br\/> geh\u00f6ren zu anderen Dom\u00e4nen als der in der Adressleiste angezeigten. Webseiten k\u00f6nnen Inhalte aus anderen Bereichen (z. B. Banner) enthalten, was die M\u00f6glichkeit er\u00f6ffnet, den Browserverlauf eines Benutzers zu verfolgen. In den Datenschutzeinstellungen der meisten modernen Browser k\u00f6nnen Sie Cookies von Drittanbietern blockieren.<\/p>\n\n<p><strong>Wie kann ich Cookies deaktivieren?<br\/><\/strong>Durch das Deaktivieren von Cookies entscheiden Sie, ob Sie deren Speicherung auf Ihrem Computer zulassen m\u00f6chten. Die Einstellungen k\u00f6nnen in Ihrem Webbrowser gesteuert und ge\u00e4ndert werden. Wenn Sie Cookies deaktivieren, k\u00f6nnen Sie bestimmte Funktionalit\u00e4ten der Website nicht nutzen.<\/p>\n\n<p><strong>Verwendet autegra.hr Cookies und warum?<br\/><\/strong>Ja, mit dem Hauptziel, dass unsere Websites die bestm\u00f6gliche Benutzererfahrung bieten. Dar\u00fcber hinaus nutzen wir sie auch f\u00fcr:<\/p>\n\n<p><strong>So \u00fcberwachen Sie Anwesenheitsstatistiken:<\/strong><br\/> Cookies sammeln Informationen \u00fcber die Interaktionen der Besucher auf unseren Websites. Sie werden zur Speicherung anderer Daten im Zusammenhang mit der Benutzeraktivit\u00e4t verwendet.<\/p>\n\n<p><strong>F\u00fcr den normalen Betrieb des Webprogramms:<\/strong><br\/> Cookies werden f\u00fcr das normale Funktionieren bestimmter Funktionen der Website verwendet und erleichtern den Benutzern den Zugriff auf Inhalte.<\/p>\n","protected":false},"excerpt":{"rendered":"<p>Schutz personenbezogener Daten Das Unternehmen Autegra doo, Milke Trnine 4, 43280 Gare\u0161nica, Gesch\u00e4ftsf\u00fchrer Sa\u0161a \u0160tekovi\u0107, erhebt Daten zum Zweck der Vertragsabwicklung und Erf\u00fcllung vertraglicher und vorvertraglicher Pflichten. Folgende Informationen werden gespeichert: Diese Daten werden in unserem Unternehmen ausschlie\u00dflich zur Abwicklung der Gesch\u00e4ftsbeziehung verwendet. Die Erhebung und Verarbeitung dieser Daten ist f\u00fcr die Abwicklung von Gesch\u00e4ftsprozessen [&hellip;]<\/p>\n","protected":false},"author":1,"featured_media":1431,"parent":0,"menu_order":0,"comment_status":"closed","ping_status":"open","template":"legal.php","meta":{"inline_featured_image":false,"footnotes":""},"class_list":["post-1588","page","type-page","status-publish","has-post-thumbnail","hentry"],"acf":[],"yoast_head":"<!-- This site is optimized with the Yoast SEO plugin v25.7 - https:\/\/yoast.com\/wordpress\/plugins\/seo\/ -->\n<title>Datenschutzrichtlinie - Autegra<\/title>\n<meta name=\"robots\" content=\"index, follow, max-snippet:-1, max-image-preview:large, max-video-preview:-1\" \/>\n<link rel=\"canonical\" href=\"https:\/\/autegra.hr\/de\/datenschutzrichtlinie\/\" \/>\n<meta property=\"og:locale\" content=\"de_DE\" \/>\n<meta property=\"og:type\" content=\"article\" \/>\n<meta property=\"og:title\" content=\"Datenschutzrichtlinie - Autegra\" \/>\n<meta property=\"og:description\" content=\"Schutz personenbezogener Daten Das Unternehmen Autegra doo, Milke Trnine 4, 43280 Gare\u0161nica, Gesch\u00e4ftsf\u00fchrer Sa\u0161a \u0160tekovi\u0107, erhebt Daten zum Zweck der Vertragsabwicklung und Erf\u00fcllung vertraglicher und vorvertraglicher Pflichten. Folgende Informationen werden gespeichert: Diese Daten werden in unserem Unternehmen ausschlie\u00dflich zur Abwicklung der Gesch\u00e4ftsbeziehung verwendet. Die Erhebung und Verarbeitung dieser Daten ist f\u00fcr die Abwicklung von Gesch\u00e4ftsprozessen [&hellip;]\" \/>\n<meta property=\"og:url\" content=\"https:\/\/autegra.hr\/de\/datenschutzrichtlinie\/\" \/>\n<meta property=\"og:site_name\" content=\"Autegra\" \/>\n<meta property=\"article:publisher\" content=\"https:\/\/www.facebook.com\/Autegradoo\/?_rdc=1&amp;_rdr\" \/>\n<meta property=\"article:modified_time\" content=\"2024-07-15T09:53:09+00:00\" \/>\n<meta name=\"twitter:card\" content=\"summary_large_image\" \/>\n<meta name=\"twitter:label1\" content=\"Gesch\u00e4tzte Lesezeit\" \/>\n\t<meta name=\"twitter:data1\" content=\"4\u00a0Minuten\" \/>\n<script type=\"application\/ld+json\" class=\"yoast-schema-graph\">{\"@context\":\"https:\/\/schema.org\",\"@graph\":[{\"@type\":\"WebPage\",\"@id\":\"https:\/\/autegra.hr\/de\/datenschutzrichtlinie\/\",\"url\":\"https:\/\/autegra.hr\/de\/datenschutzrichtlinie\/\",\"name\":\"Datenschutzrichtlinie - Autegra\",\"isPartOf\":{\"@id\":\"https:\/\/autegra.hr\/de\/#website\"},\"primaryImageOfPage\":{\"@id\":\"https:\/\/autegra.hr\/de\/datenschutzrichtlinie\/#primaryimage\"},\"image\":{\"@id\":\"https:\/\/autegra.hr\/de\/datenschutzrichtlinie\/#primaryimage\"},\"thumbnailUrl\":\"https:\/\/autegra.hr\/wp-content\/uploads\/2024\/04\/vecteezy_shield-with-padlock-icon-cyber-attack-block-cyber-data_6171492-scaled.jpg\",\"datePublished\":\"2023-12-27T09:57:07+00:00\",\"dateModified\":\"2024-07-15T09:53:09+00:00\",\"breadcrumb\":{\"@id\":\"https:\/\/autegra.hr\/de\/datenschutzrichtlinie\/#breadcrumb\"},\"inLanguage\":\"de\",\"potentialAction\":[{\"@type\":\"ReadAction\",\"target\":[\"https:\/\/autegra.hr\/de\/datenschutzrichtlinie\/\"]}]},{\"@type\":\"ImageObject\",\"inLanguage\":\"de\",\"@id\":\"https:\/\/autegra.hr\/de\/datenschutzrichtlinie\/#primaryimage\",\"url\":\"https:\/\/autegra.hr\/wp-content\/uploads\/2024\/04\/vecteezy_shield-with-padlock-icon-cyber-attack-block-cyber-data_6171492-scaled.jpg\",\"contentUrl\":\"https:\/\/autegra.hr\/wp-content\/uploads\/2024\/04\/vecteezy_shield-with-padlock-icon-cyber-attack-block-cyber-data_6171492-scaled.jpg\",\"width\":2560,\"height\":1072},{\"@type\":\"BreadcrumbList\",\"@id\":\"https:\/\/autegra.hr\/de\/datenschutzrichtlinie\/#breadcrumb\",\"itemListElement\":[{\"@type\":\"ListItem\",\"position\":1,\"name\":\"Home\",\"item\":\"https:\/\/autegra.hr\/de\/\"},{\"@type\":\"ListItem\",\"position\":2,\"name\":\"Datenschutzrichtlinie\"}]},{\"@type\":\"WebSite\",\"@id\":\"https:\/\/autegra.hr\/de\/#website\",\"url\":\"https:\/\/autegra.hr\/de\/\",\"name\":\"Autegra\",\"description\":\"Industrielle Automatisierung | Ihr Partner f\u00fcr Planungs-, Technik- und Beratungsdienstleistungen\",\"publisher\":{\"@id\":\"https:\/\/autegra.hr\/de\/#organization\"},\"potentialAction\":[{\"@type\":\"SearchAction\",\"target\":{\"@type\":\"EntryPoint\",\"urlTemplate\":\"https:\/\/autegra.hr\/de\/?s={search_term_string}\"},\"query-input\":{\"@type\":\"PropertyValueSpecification\",\"valueRequired\":true,\"valueName\":\"search_term_string\"}}],\"inLanguage\":\"de\"},{\"@type\":\"Organization\",\"@id\":\"https:\/\/autegra.hr\/de\/#organization\",\"name\":\"Autegra\",\"url\":\"https:\/\/autegra.hr\/de\/\",\"logo\":{\"@type\":\"ImageObject\",\"inLanguage\":\"de\",\"@id\":\"https:\/\/autegra.hr\/de\/#\/schema\/logo\/image\/\",\"url\":\"https:\/\/autegra.hr\/wp-content\/uploads\/2024\/02\/autegra_logo.svg\",\"contentUrl\":\"https:\/\/autegra.hr\/wp-content\/uploads\/2024\/02\/autegra_logo.svg\",\"width\":1,\"height\":1,\"caption\":\"Autegra\"},\"image\":{\"@id\":\"https:\/\/autegra.hr\/de\/#\/schema\/logo\/image\/\"},\"sameAs\":[\"https:\/\/www.facebook.com\/Autegradoo\/?_rdc=1&_rdr\",\"https:\/\/www.instagram.com\/autegra\/\",\"https:\/\/www.linkedin.com\/company\/autegra-ltd-\",\"https:\/\/www.youtube.com\/channel\/UC9OWs15H7iwPISoCR3exIFg\"]}]}<\/script>\n<!-- \/ Yoast SEO plugin. -->","yoast_head_json":{"title":"Datenschutzrichtlinie - Autegra","robots":{"index":"index","follow":"follow","max-snippet":"max-snippet:-1","max-image-preview":"max-image-preview:large","max-video-preview":"max-video-preview:-1"},"canonical":"https:\/\/autegra.hr\/de\/datenschutzrichtlinie\/","og_locale":"de_DE","og_type":"article","og_title":"Datenschutzrichtlinie - Autegra","og_description":"Schutz personenbezogener Daten Das Unternehmen Autegra doo, Milke Trnine 4, 43280 Gare\u0161nica, Gesch\u00e4ftsf\u00fchrer Sa\u0161a \u0160tekovi\u0107, erhebt Daten zum Zweck der Vertragsabwicklung und Erf\u00fcllung vertraglicher und vorvertraglicher Pflichten. Folgende Informationen werden gespeichert: Diese Daten werden in unserem Unternehmen ausschlie\u00dflich zur Abwicklung der Gesch\u00e4ftsbeziehung verwendet. Die Erhebung und Verarbeitung dieser Daten ist f\u00fcr die Abwicklung von Gesch\u00e4ftsprozessen [&hellip;]","og_url":"https:\/\/autegra.hr\/de\/datenschutzrichtlinie\/","og_site_name":"Autegra","article_publisher":"https:\/\/www.facebook.com\/Autegradoo\/?_rdc=1&_rdr","article_modified_time":"2024-07-15T09:53:09+00:00","twitter_card":"summary_large_image","twitter_misc":{"Gesch\u00e4tzte Lesezeit":"4\u00a0Minuten"},"schema":{"@context":"https:\/\/schema.org","@graph":[{"@type":"WebPage","@id":"https:\/\/autegra.hr\/de\/datenschutzrichtlinie\/","url":"https:\/\/autegra.hr\/de\/datenschutzrichtlinie\/","name":"Datenschutzrichtlinie - Autegra","isPartOf":{"@id":"https:\/\/autegra.hr\/de\/#website"},"primaryImageOfPage":{"@id":"https:\/\/autegra.hr\/de\/datenschutzrichtlinie\/#primaryimage"},"image":{"@id":"https:\/\/autegra.hr\/de\/datenschutzrichtlinie\/#primaryimage"},"thumbnailUrl":"https:\/\/autegra.hr\/wp-content\/uploads\/2024\/04\/vecteezy_shield-with-padlock-icon-cyber-attack-block-cyber-data_6171492-scaled.jpg","datePublished":"2023-12-27T09:57:07+00:00","dateModified":"2024-07-15T09:53:09+00:00","breadcrumb":{"@id":"https:\/\/autegra.hr\/de\/datenschutzrichtlinie\/#breadcrumb"},"inLanguage":"de","potentialAction":[{"@type":"ReadAction","target":["https:\/\/autegra.hr\/de\/datenschutzrichtlinie\/"]}]},{"@type":"ImageObject","inLanguage":"de","@id":"https:\/\/autegra.hr\/de\/datenschutzrichtlinie\/#primaryimage","url":"https:\/\/autegra.hr\/wp-content\/uploads\/2024\/04\/vecteezy_shield-with-padlock-icon-cyber-attack-block-cyber-data_6171492-scaled.jpg","contentUrl":"https:\/\/autegra.hr\/wp-content\/uploads\/2024\/04\/vecteezy_shield-with-padlock-icon-cyber-attack-block-cyber-data_6171492-scaled.jpg","width":2560,"height":1072},{"@type":"BreadcrumbList","@id":"https:\/\/autegra.hr\/de\/datenschutzrichtlinie\/#breadcrumb","itemListElement":[{"@type":"ListItem","position":1,"name":"Home","item":"https:\/\/autegra.hr\/de\/"},{"@type":"ListItem","position":2,"name":"Datenschutzrichtlinie"}]},{"@type":"WebSite","@id":"https:\/\/autegra.hr\/de\/#website","url":"https:\/\/autegra.hr\/de\/","name":"Autegra","description":"Industrielle Automatisierung | Ihr Partner f\u00fcr Planungs-, Technik- und Beratungsdienstleistungen","publisher":{"@id":"https:\/\/autegra.hr\/de\/#organization"},"potentialAction":[{"@type":"SearchAction","target":{"@type":"EntryPoint","urlTemplate":"https:\/\/autegra.hr\/de\/?s={search_term_string}"},"query-input":{"@type":"PropertyValueSpecification","valueRequired":true,"valueName":"search_term_string"}}],"inLanguage":"de"},{"@type":"Organization","@id":"https:\/\/autegra.hr\/de\/#organization","name":"Autegra","url":"https:\/\/autegra.hr\/de\/","logo":{"@type":"ImageObject","inLanguage":"de","@id":"https:\/\/autegra.hr\/de\/#\/schema\/logo\/image\/","url":"https:\/\/autegra.hr\/wp-content\/uploads\/2024\/02\/autegra_logo.svg","contentUrl":"https:\/\/autegra.hr\/wp-content\/uploads\/2024\/02\/autegra_logo.svg","width":1,"height":1,"caption":"Autegra"},"image":{"@id":"https:\/\/autegra.hr\/de\/#\/schema\/logo\/image\/"},"sameAs":["https:\/\/www.facebook.com\/Autegradoo\/?_rdc=1&_rdr","https:\/\/www.instagram.com\/autegra\/","https:\/\/www.linkedin.com\/company\/autegra-ltd-","https:\/\/www.youtube.com\/channel\/UC9OWs15H7iwPISoCR3exIFg"]}]}},"_links":{"self":[{"href":"https:\/\/autegra.hr\/de\/wp-json\/wp\/v2\/pages\/1588","targetHints":{"allow":["GET"]}}],"collection":[{"href":"https:\/\/autegra.hr\/de\/wp-json\/wp\/v2\/pages"}],"about":[{"href":"https:\/\/autegra.hr\/de\/wp-json\/wp\/v2\/types\/page"}],"author":[{"embeddable":true,"href":"https:\/\/autegra.hr\/de\/wp-json\/wp\/v2\/users\/1"}],"replies":[{"embeddable":true,"href":"https:\/\/autegra.hr\/de\/wp-json\/wp\/v2\/comments?post=1588"}],"version-history":[{"count":2,"href":"https:\/\/autegra.hr\/de\/wp-json\/wp\/v2\/pages\/1588\/revisions"}],"predecessor-version":[{"id":1592,"href":"https:\/\/autegra.hr\/de\/wp-json\/wp\/v2\/pages\/1588\/revisions\/1592"}],"wp:featuredmedia":[{"embeddable":true,"href":"https:\/\/autegra.hr\/de\/wp-json\/wp\/v2\/media\/1431"}],"wp:attachment":[{"href":"https:\/\/autegra.hr\/de\/wp-json\/wp\/v2\/media?parent=1588"}],"curies":[{"name":"wp","href":"https:\/\/api.w.org\/{rel}","templated":true}]}}